{"id":15680,"date":"2017-04-13T15:12:26","date_gmt":"2017-04-13T13:12:26","guid":{"rendered":"http:\/\/www.isabellehossein.com\/?page_id=15680"},"modified":"2024-10-29T09:46:57","modified_gmt":"2024-10-29T08:46:57","slug":"about","status":"publish","type":"page","link":"http:\/\/www.isabellehossein.com\/en\/about\/","title":{"rendered":"About"},"content":{"rendered":"<p>[vc_row css_animation=&#8221;&#8221; row_type=&#8221;row&#8221; use_row_as_full_screen_section=&#8221;no&#8221; type=&#8221;full_width&#8221; angled_section=&#8221;no&#8221; text_align=&#8221;left&#8221; background_image_as_pattern=&#8221;without_pattern&#8221;][vc_column][vc_single_image image=&#8221;16052&#8243; img_size=&#8221;full&#8221; qode_css_animation=&#8221;&#8221;][\/vc_column][\/vc_row][vc_row css_animation=&#8221;&#8221; row_type=&#8221;row&#8221; use_row_as_full_screen_section=&#8221;no&#8221; type=&#8221;full_width&#8221; angled_section=&#8221;no&#8221; text_align=&#8221;left&#8221; background_image_as_pattern=&#8221;without_pattern&#8221; padding_top=&#8221;80&#8243; padding_bottom=&#8221;70&#8243; css=&#8221;.vc_custom_1490276854708{margin-top: 0px !important;padding-top: 0px !important;}&#8221;][vc_column][vc_separator type=&#8221;transparent&#8221; up=&#8221;50&#8243; down=&#8221;0&#8243;][vc_column_text]<\/p>\n<h3 style=\"text-align: center;\"><span style=\"color: #b8a188;\">ISABELLE HOSSEIN<br \/>\nHome Designer<\/span><\/h3>\n<p>[\/vc_column_text][vc_separator type=&#8221;transparent&#8221; up=&#8221;20&#8243; down=&#8221;0&#8243;][vc_column_text]<\/p>\n<p style=\"text-align: center; font-size: 17px;\"><span style=\"font-weight: 400;\">After 20 sunny years spent in \u201cLa R\u00e9union\u201d Island, Isabelle has settled down in \u201cP\u00e9rigord\u201d in 2008.<\/span><\/p>\n<p style=\"text-align: center; font-size: 17px;\">Her career is full of great experiences and great human encounters, all along her professional years as a home designer and owner of Seasonal Rentals in \u201cLa R\u00e9union\u201d and in \u201cP\u00e9rigord\u201d.<br \/>\nThis passionate and professional woman will help you to build the project of your dreams.<\/p>\n<p>[\/vc_column_text][\/vc_column][\/vc_row][vc_row css_animation=&#8221;&#8221; row_type=&#8221;row&#8221; use_row_as_full_screen_section=&#8221;no&#8221; type=&#8221;full_width&#8221; angled_section=&#8221;no&#8221; text_align=&#8221;left&#8221; background_image_as_pattern=&#8221;without_pattern&#8221; padding_top=&#8221;80&#8243; padding_bottom=&#8221;70&#8243; css=&#8221;.vc_custom_1490262305729{margin-top: 0px !important;padding-top: 0px !important;}&#8221;][vc_column width=&#8221;1\/2&#8243;][vc_column_text]<\/p>\n<h4><strong><span style=\"color: #b8a188;\">Contact Isabelle :<\/span><\/strong><\/h4>\n<p>[\/vc_column_text][vc_separator type=&#8221;transparent&#8221; up=&#8221;10&#8243; down=&#8221;0&#8243;][vc_column_text]<span style=\"font-weight: 400;\">Her address-book with craftsmen, suppliers, architects, will enable you to meet trustful professionals to implement your projects.<br \/>\nThanks to her great professional background, she knows high-tech materials, rare pieces of furniture, and well searched and bargained items.<br \/>\nYour budget is respected. She is involved in your project.<br \/>\nShe is motivated and always aims at being true to your expectations.<br \/>\nHer professional background in building and transforming Guest Houses is a great asset for people working in the Tourism Industry.<\/span>[\/vc_column_text][vc_separator type=&#8221;transparent&#8221; up=&#8221;30&#8243; down=&#8221;0&#8243;][\/vc_column][vc_column width=&#8221;1\/2&#8243;][vc_column_text]<\/p>\n<h4><strong><span style=\"color: #b8a188;\">Isabelle will help you for:<\/span><\/strong><\/h4>\n<p>[\/vc_column_text][vc_separator type=&#8221;transparent&#8221; up=&#8221;15&#8243; down=&#8221;0&#8243;][vc_column_text]<span style=\"font-weight: 400;\">&#8211; \u00a0A simple piece of advice<\/span><br \/>\n<span style=\"font-weight: 400;\">&#8211; \u00a0A global project<\/span><br \/>\n&#8211; \u00a0Introducing you to good craftsmen, artisans, architects\u2026<br \/>\n&#8211; Using concrete with limestone.<br \/>\n<span style=\"font-weight: 400;\">&#8211; Finding ideas about your project.<\/span><br \/>\n&#8211; Choosing pieces of furniture and decorative items.<br \/>\n&#8211; Project monitoring<br \/>\n&#8211; Installation of furniture[\/vc_column_text][vc_separator type=&#8221;transparent&#8221; up=&#8221;30&#8243; down=&#8221;0&#8243;][\/vc_column][\/vc_row][vc_row css_animation=&#8221;&#8221; row_type=&#8221;row&#8221; use_row_as_full_screen_section=&#8221;no&#8221; type=&#8221;full_width&#8221; angled_section=&#8221;no&#8221; text_align=&#8221;left&#8221; background_image_as_pattern=&#8221;without_pattern&#8221; css=&#8221;.vc_custom_1484750208071{padding: 15px !important;background-color: #f5f3f1 !important;}&#8221;][vc_column]<div class='testimonials_holder clearfix dark'><div class=\"testimonials testimonials_carousel\" data-show-navigation=\"yes\" data-animation-type=\"fade\" data-animation-speed=\"\" data-auto-rotate-slides=\"15\" data-number-per-slide=\"1\"><ul class=\"slides\"><li id=\"testimonials15861\" class=\"testimonial_content\"><div class=\"testimonial_content_inner\"><div class=\"testimonial_image_holder\"><img decoding=\"async\" itemprop=\"image\" src=\"http:\/\/www.isabellehossein.com\/wp-content\/uploads\/2016\/12\/avatar.png\" \/><\/div><div class=\"testimonial_text_holder\"><div class=\"testimonial_text_inner\" style=\"\"><p style='font-size:14px;'>We have been associated with Isabelle for six years in Reunion Island. During this professional collaboration, I appreciated Isabelle's rigor, honesty, professionalism, sense of touch and good humor. Our friendship has been strengthened by this exemplary collaboration.<\/p><p class=\"testimonial_author\" style=\"\">B\u00e9atrice Liesenfelt, d\u00e9coratrice \u00e0 Couleurs Nomades, Ile de La R\u00e9union<\/p><\/div><\/div><\/div><\/li><li id=\"testimonials15859\" class=\"testimonial_content\"><div class=\"testimonial_content_inner\"><div class=\"testimonial_image_holder\"><img decoding=\"async\" itemprop=\"image\" src=\"http:\/\/www.isabellehossein.com\/wp-content\/uploads\/2016\/12\/avatar.png\" \/><\/div><div class=\"testimonial_text_holder\"><div class=\"testimonial_text_inner\" style=\"\"><p style='font-size:14px;'>Isabelle knew how to perfectly transform the establishment that I ran, a Hotel spa restaurant with 42 rooms with antique furniture and outdated in a very contemporary place of life. Isabelle is a rare person and passionate about her work. She shows a lot of patience, is very present and always listening. She explains her choices and has this gift of having the vision of the afterwork. Surprising but always successful !!! The hotel which stagnated for 2 seasons has found thanks to these works an immediate dynamic as much in frequentation as in renewal of customers and number of visit on our site of reservation. This same h\u00f4tel was sold the year after the completion of the work. Isabelle is of an absolute professionalism. Thank you for this fantastic work and this beautiful meeting<\/p><p class=\"testimonial_author\" style=\"\">Fabien Delmar, directeur Du relais du P\u00e9rigord noir, Siorac en P\u00e9rigord<\/p><\/div><\/div><\/div><\/li><li id=\"testimonials15815\" class=\"testimonial_content\"><div class=\"testimonial_content_inner\"><div class=\"testimonial_image_holder\"><img decoding=\"async\" itemprop=\"image\" src=\"http:\/\/www.isabellehossein.com\/wp-content\/uploads\/2016\/12\/avatar.png\" \/><\/div><div class=\"testimonial_text_holder\"><div class=\"testimonial_text_inner\" style=\"\"><p style='font-size:14px;'>\u201cA delightful hotel with a wonderful decoration\u00a0!!\u201d<\/p><p class=\"testimonial_author\" style=\"\">Le Relais du Perigord Noir Siorac en Perigord<\/p><\/div><\/div><\/div><\/li><li id=\"testimonials15814\" class=\"testimonial_content\"><div class=\"testimonial_content_inner\"><div class=\"testimonial_image_holder\"><img decoding=\"async\" itemprop=\"image\" src=\"http:\/\/www.isabellehossein.com\/wp-content\/uploads\/2016\/12\/avatar.png\" \/><\/div><div class=\"testimonial_text_holder\"><div class=\"testimonial_text_inner\" style=\"\"><p style='font-size:14px;'>It is not a trendy 4 stars hotel full of technology, but a great place to feel good, let\u2019s say like feeling at home. The tasteful decoration is very well chosen, and all renewed with rural pieces of furniture very well searched and bargained in antiques. The bedrooms are very comfortable with a very refined design. Superb decoration. The charm of the place and the refined decoration.<\/p><p class=\"testimonial_author\" style=\"\">Relais de Moussidi\u00e8re<\/p><\/div><\/div><\/div><\/li><li id=\"testimonials15813\" class=\"testimonial_content\"><div class=\"testimonial_content_inner\"><div class=\"testimonial_image_holder\"><img decoding=\"async\" itemprop=\"image\" src=\"http:\/\/www.isabellehossein.com\/wp-content\/uploads\/2016\/12\/avatar.png\" \/><\/div><div class=\"testimonial_text_holder\"><div class=\"testimonial_text_inner\" style=\"\"><p style='font-size:14px;'>\u201cSplendid \u00ab\u00a0P\u00e9rigourdine\u00a0\u00bb style house, with stylish and sophisticated decoration. We had a wonderful stay in such a dreaming atmosphere. Only the \u201cCigales\u201d\u2019 song broke the silence of this peaceful place. Our host managed to give a unique and contemporary style. My very favorite house.\u201d<\/p><p class=\"testimonial_author\" style=\"\">Carine C. France, La Maison de Roquebeyssette \u00e0 CASTELS<\/p><\/div><\/div><\/div><\/li><li id=\"testimonials15812\" class=\"testimonial_content\"><div class=\"testimonial_content_inner\"><div class=\"testimonial_image_holder\"><img decoding=\"async\" itemprop=\"image\" src=\"http:\/\/www.isabellehossein.com\/wp-content\/uploads\/2016\/12\/avatar.png\" \/><\/div><div class=\"testimonial_text_holder\"><div class=\"testimonial_text_inner\" style=\"\"><p style='font-size:14px;'>Thank you, Isabelle. You were a joy to work with and the apartment was wonderful.<\/p><p class=\"testimonial_author\" style=\"\">Valerie N. US, H\u00f4tel particulier de Monmeja Sarlat<\/p><\/div><\/div><\/div><\/li><li id=\"testimonials15811\" class=\"testimonial_content\"><div class=\"testimonial_content_inner\"><div class=\"testimonial_image_holder\"><img decoding=\"async\" itemprop=\"image\" src=\"http:\/\/www.isabellehossein.com\/wp-content\/uploads\/2016\/12\/avatar.png\" \/><\/div><div class=\"testimonial_text_holder\"><div class=\"testimonial_text_inner\" style=\"\"><p style='font-size:14px;'>\u201cThe owner, Isabelle who is a designer, has made the lovely space very  attractive.\u201d<\/p><p class=\"testimonial_author\" style=\"\">Audrey S. US, H\u00f4tel particulier de Monmeja Sarlat<\/p><\/div><\/div><\/div><\/li><li id=\"testimonials15810\" class=\"testimonial_content\"><div class=\"testimonial_content_inner\"><div class=\"testimonial_image_holder\"><img decoding=\"async\" itemprop=\"image\" src=\"http:\/\/www.isabellehossein.com\/wp-content\/uploads\/2016\/12\/avatar.png\" \/><\/div><div class=\"testimonial_text_holder\"><div class=\"testimonial_text_inner\" style=\"\"><p style='font-size:14px;'>\u201cIncredibly stylish apartment in the centre of this historic town.\u201d<\/p><p class=\"testimonial_author\" style=\"\">Alan G. UK, H\u00f4tel particulier de Monmeja Sarlat<\/p><\/div><\/div><\/div><\/li><li id=\"testimonials15697\" class=\"testimonial_content\"><div class=\"testimonial_content_inner\"><div class=\"testimonial_image_holder\"><img decoding=\"async\" itemprop=\"image\" src=\"http:\/\/www.isabellehossein.com\/wp-content\/uploads\/2016\/12\/avatar.png\" \/><\/div><div class=\"testimonial_text_holder\"><div class=\"testimonial_text_inner\" style=\"\"><p style='font-size:14px;'>Isabelle Hossein is a two-faces professional. She settles and completely realises creations for us,\u00a0 architects. She is a true partner in the conception of the spaces. Often, she includes our working-teams in the process with the spatula in her hand. She has developed a real know-how as regards the conception of concrete with limestone. Her sensitivity is very precious to us, and her qualification convinces our clients.<\/p><p class=\"testimonial_author\" style=\"\">H\u00e9l\u00e8ne LEFRANCQ, architecte \u2013 SARLAT<\/p><\/div><\/div><\/div><\/li><li id=\"testimonials15695\" class=\"testimonial_content\"><div class=\"testimonial_content_inner\"><div class=\"testimonial_image_holder\"><img decoding=\"async\" itemprop=\"image\" src=\"http:\/\/www.isabellehossein.com\/wp-content\/uploads\/2016\/12\/avatar.png\" \/><\/div><div class=\"testimonial_text_holder\"><div class=\"testimonial_text_inner\" style=\"\"><p style='font-size:14px;'>With these few words, I would like to say how much I was impressed by Isabelle's work and professionalism. I discovered her creations a few years ago, in her show-room. I keep meeting her from time to time on building-sites where we do both work-on. Her work is always an eye-delight. Not only with her classical creations, but also with her contemporary ones.<\/p><p class=\"testimonial_author\" style=\"\">Philippe Hamelin , G\u00e9rant de la soci\u00e9t\u00e9 Pierres et Traditions<\/p><\/div><\/div><\/div><\/li><li id=\"testimonials15694\" class=\"testimonial_content\"><div class=\"testimonial_content_inner\"><div class=\"testimonial_image_holder\"><img decoding=\"async\" itemprop=\"image\" src=\"http:\/\/www.isabellehossein.com\/wp-content\/uploads\/2016\/12\/julie.png\" \/><\/div><div class=\"testimonial_text_holder\"><div class=\"testimonial_text_inner\" style=\"\"><p style='font-size:14px;'>Isabelle is a real professional in her field : the Interior-design. She handles perfectly the sense of the details, the sense of the association of materials, colors;\u2026 to create a \"cocoon\" space and atmosphere where you want to stay for a long time. Her numerous realisations speak for themselves. Recently I recommended her to future owners of guest-houses before the construction of the house. Indeed, I think that a refined decoration, personalized and realized by Isabelle, can really be a huge asset for owners, when it is time to book a stay for visitors.<\/p><p class=\"testimonial_author\" style=\"\">Julie Martegoutte, Centre de formation AIFS<\/p><\/div><\/div><\/div><\/li><li id=\"testimonials15693\" class=\"testimonial_content\"><div class=\"testimonial_content_inner\"><div class=\"testimonial_image_holder\"><img decoding=\"async\" itemprop=\"image\" src=\"http:\/\/www.isabellehossein.com\/wp-content\/uploads\/2016\/12\/nicolas.png\" \/><\/div><div class=\"testimonial_text_holder\"><div class=\"testimonial_text_inner\" style=\"\"><p style='font-size:14px;'>Isabelle received a real natural gift to associate colors, materials, items\u2026., in the \"living-spaces\" of a house. I did much appreciate the personality and singularity which emerged from the places I did visit. She is a beautiful person with a real talent. I recommend her to those who want to create gorgeous living spaces<\/p><p class=\"testimonial_author\" style=\"\">Nicolas Duprat, Agence de communication saison d\u2019Or<\/p><\/div><\/div><\/div><\/li><li id=\"testimonials15692\" class=\"testimonial_content\"><div class=\"testimonial_content_inner\"><div class=\"testimonial_image_holder\"><img decoding=\"async\" itemprop=\"image\" src=\"http:\/\/www.isabellehossein.com\/wp-content\/uploads\/2016\/12\/avatar.png\" \/><\/div><div class=\"testimonial_text_holder\"><div class=\"testimonial_text_inner\" style=\"\"><p style='font-size:14px;'>Isabelle is co-working with me, for several years from now on, to transform my house in \u201cP\u00e9rigord\u201d. It is an ancient house, and Isabelle managed to keep its ancient style while improving its Look and Comfort. She is a woman of great taste with lots of good Ideas. The good relationship she shares with many good craftsmen enables an efficient work and a gentle atmosphere.<\/p><p class=\"testimonial_author\" style=\"\">Judith LIT - NEW YORK<\/p><\/div><\/div><\/div><\/li><li id=\"testimonials15691\" class=\"testimonial_content\"><div class=\"testimonial_content_inner\"><div class=\"testimonial_image_holder\"><img decoding=\"async\" itemprop=\"image\" src=\"http:\/\/www.isabellehossein.com\/wp-content\/uploads\/2016\/12\/avatar.png\" \/><\/div><div class=\"testimonial_text_holder\"><div class=\"testimonial_text_inner\" style=\"\"><p style='font-size:14px;'>We asked Isabelle HOSSEIN to create the patina on the wall  of one bedroom, and to create also  the concrete with limestone in the bathroom (floor, shower and walls).  We are very happy with the result of her work and the respected deadline. Then we asked her to do two other bathrooms (floors, showers and walls in concrete with limestone). Moreover, she manufacturated the walls in another bedroom: excellent job. Today, we ask her to create the floor of our last renewed bedroom and the bathroom next to it. Plus : conversing with Isabelle HOSSEIN is great and her piece of advice is so professional.<\/p><p class=\"testimonial_author\" style=\"\">Jean Louis BLOCH- BRUXELLES<\/p><\/div><\/div><\/div><\/li><li id=\"testimonials15690\" class=\"testimonial_content\"><div class=\"testimonial_content_inner\"><div class=\"testimonial_image_holder\"><img decoding=\"async\" itemprop=\"image\" src=\"http:\/\/www.isabellehossein.com\/wp-content\/uploads\/2016\/12\/avatar.png\" \/><\/div><div class=\"testimonial_text_holder\"><div class=\"testimonial_text_inner\" style=\"\"><p style='font-size:14px;'>A huge \u201cThank You\u201d to Isabelle HOSSEIN for her wonderful work in our hotel \u201cLe Relais de Moussidi\u00e8re\u201d in Sarlat.  She is skilled, very kind and always available for her clients. We are even more happy that our guests are very enthusiastic with our new decoration.<\/p><p class=\"testimonial_author\" style=\"\">Dominique - Ducouret, Le Relais de Moussidi\u00e8re \u00e0 SARLAT<\/p><\/div><\/div><\/div><\/li><\/ul><\/div><\/div>[\/vc_column][\/vc_row]<\/p>\n","protected":false},"excerpt":{"rendered":"<p>[vc_row css_animation=&#8221;&#8221; row_type=&#8221;row&#8221; use_row_as_full_screen_section=&#8221;no&#8221; type=&#8221;full_width&#8221; angled_section=&#8221;no&#8221; text_align=&#8221;left&#8221; background_image_as_pattern=&#8221;without_pattern&#8221;][vc_column][vc_single_image image=&#8221;16052&#8243; img_size=&#8221;full&#8221; qode_css_animation=&#8221;&#8221;][\/vc_column][\/vc_row][vc_row css_animation=&#8221;&#8221; row_type=&#8221;row&#8221; use_row_as_full_screen_section=&#8221;no&#8221; type=&#8221;full_width&#8221; angled_section=&#8221;no&#8221; text_align=&#8221;left&#8221; background_image_as_pattern=&#8221;without_pattern&#8221; padding_top=&#8221;80&#8243; padding_bottom=&#8221;70&#8243; css=&#8221;.vc_custom_1490276854708{margin-top: 0px !important;padding-top: 0px !important;}&#8221;][vc_column][vc_separator type=&#8221;transparent&#8221; up=&#8221;50&#8243; down=&#8221;0&#8243;][vc_column_text] ISABELLE HOSSEIN Home Designer [\/vc_column_text][vc_separator type=&#8221;transparent&#8221; up=&#8221;20&#8243; down=&#8221;0&#8243;][vc_column_text] After 20 sunny years spent in \u201cLa R\u00e9union\u201d Island,&#8230;<\/p>\n","protected":false},"author":1,"featured_media":0,"parent":0,"menu_order":0,"comment_status":"open","ping_status":"open","template":"","meta":{"footnotes":""},"class_list":["post-15680","page","type-page","status-publish","hentry"],"yoast_head":"<!-- This site is optimized with the Yoast SEO plugin v26.6 - https:\/\/yoast.com\/wordpress\/plugins\/seo\/ -->\n<title>About - Isabelle Hossein<\/title>\n<meta name=\"robots\" content=\"index, follow, max-snippet:-1, max-image-preview:large, max-video-preview:-1\" \/>\n<link rel=\"canonical\" href=\"http:\/\/www.isabellehossein.com\/a-propos\/\" \/>\n<meta property=\"og:locale\" content=\"en_US\" \/>\n<meta property=\"og:type\" content=\"article\" \/>\n<meta property=\"og:title\" content=\"About - Isabelle Hossein\" \/>\n<meta property=\"og:description\" content=\"[vc_row css_animation=&#8221;&#8221; row_type=&#8221;row&#8221; use_row_as_full_screen_section=&#8221;no&#8221; type=&#8221;full_width&#8221; angled_section=&#8221;no&#8221; text_align=&#8221;left&#8221; background_image_as_pattern=&#8221;without_pattern&#8221;][vc_column][vc_single_image image=&#8221;16052&#8243; img_size=&#8221;full&#8221; qode_css_animation=&#8221;&#8221;][\/vc_column][\/vc_row][vc_row css_animation=&#8221;&#8221; row_type=&#8221;row&#8221; use_row_as_full_screen_section=&#8221;no&#8221; type=&#8221;full_width&#8221; angled_section=&#8221;no&#8221; text_align=&#8221;left&#8221; background_image_as_pattern=&#8221;without_pattern&#8221; padding_top=&#8221;80&#8243; padding_bottom=&#8221;70&#8243; css=&#8221;.vc_custom_1490276854708{margin-top: 0px !important;padding-top: 0px !important;}&#8221;][vc_column][vc_separator type=&#8221;transparent&#8221; up=&#8221;50&#8243; down=&#8221;0&#8243;][vc_column_text] ISABELLE HOSSEIN Home Designer [\/vc_column_text][vc_separator type=&#8221;transparent&#8221; up=&#8221;20&#8243; down=&#8221;0&#8243;][vc_column_text] After 20 sunny years spent in \u201cLa R\u00e9union\u201d Island,...\" \/>\n<meta property=\"og:url\" content=\"http:\/\/www.isabellehossein.com\/a-propos\/\" \/>\n<meta property=\"og:site_name\" content=\"Isabelle Hossein\" \/>\n<meta property=\"article:modified_time\" content=\"2024-10-29T08:46:57+00:00\" \/>\n<meta name=\"twitter:card\" content=\"summary_large_image\" \/>\n<meta name=\"twitter:label1\" content=\"Est. reading time\" \/>\n\t<meta name=\"twitter:data1\" content=\"2 minutes\" \/>\n<script type=\"application\/ld+json\" class=\"yoast-schema-graph\">{\"@context\":\"https:\/\/schema.org\",\"@graph\":[{\"@type\":\"WebPage\",\"@id\":\"http:\/\/www.isabellehossein.com\/a-propos\/\",\"url\":\"http:\/\/www.isabellehossein.com\/a-propos\/\",\"name\":\"About - Isabelle Hossein\",\"isPartOf\":{\"@id\":\"http:\/\/www.isabellehossein.com\/#website\"},\"datePublished\":\"2017-04-13T13:12:26+00:00\",\"dateModified\":\"2024-10-29T08:46:57+00:00\",\"breadcrumb\":{\"@id\":\"http:\/\/www.isabellehossein.com\/a-propos\/#breadcrumb\"},\"inLanguage\":\"en-US\",\"potentialAction\":[{\"@type\":\"ReadAction\",\"target\":[\"http:\/\/www.isabellehossein.com\/a-propos\/\"]}]},{\"@type\":\"BreadcrumbList\",\"@id\":\"http:\/\/www.isabellehossein.com\/a-propos\/#breadcrumb\",\"itemListElement\":[{\"@type\":\"ListItem\",\"position\":1,\"name\":\"Accueil\",\"item\":\"http:\/\/www.isabellehossein.com\/en\/\"},{\"@type\":\"ListItem\",\"position\":2,\"name\":\"About\"}]},{\"@type\":\"WebSite\",\"@id\":\"http:\/\/www.isabellehossein.com\/#website\",\"url\":\"http:\/\/www.isabellehossein.com\/\",\"name\":\"Isabelle Hossein\",\"description\":\"D\u00e9coratrice d'int\u00e9rieur\",\"potentialAction\":[{\"@type\":\"SearchAction\",\"target\":{\"@type\":\"EntryPoint\",\"urlTemplate\":\"http:\/\/www.isabellehossein.com\/?s={search_term_string}\"},\"query-input\":{\"@type\":\"PropertyValueSpecification\",\"valueRequired\":true,\"valueName\":\"search_term_string\"}}],\"inLanguage\":\"en-US\"}]}<\/script>\n<!-- \/ Yoast SEO plugin. -->","yoast_head_json":{"title":"About - Isabelle Hossein","robots":{"index":"index","follow":"follow","max-snippet":"max-snippet:-1","max-image-preview":"max-image-preview:large","max-video-preview":"max-video-preview:-1"},"canonical":"http:\/\/www.isabellehossein.com\/a-propos\/","og_locale":"en_US","og_type":"article","og_title":"About - Isabelle Hossein","og_description":"[vc_row css_animation=&#8221;&#8221; row_type=&#8221;row&#8221; use_row_as_full_screen_section=&#8221;no&#8221; type=&#8221;full_width&#8221; angled_section=&#8221;no&#8221; text_align=&#8221;left&#8221; background_image_as_pattern=&#8221;without_pattern&#8221;][vc_column][vc_single_image image=&#8221;16052&#8243; img_size=&#8221;full&#8221; qode_css_animation=&#8221;&#8221;][\/vc_column][\/vc_row][vc_row css_animation=&#8221;&#8221; row_type=&#8221;row&#8221; use_row_as_full_screen_section=&#8221;no&#8221; type=&#8221;full_width&#8221; angled_section=&#8221;no&#8221; text_align=&#8221;left&#8221; background_image_as_pattern=&#8221;without_pattern&#8221; padding_top=&#8221;80&#8243; padding_bottom=&#8221;70&#8243; css=&#8221;.vc_custom_1490276854708{margin-top: 0px !important;padding-top: 0px !important;}&#8221;][vc_column][vc_separator type=&#8221;transparent&#8221; up=&#8221;50&#8243; down=&#8221;0&#8243;][vc_column_text] ISABELLE HOSSEIN Home Designer [\/vc_column_text][vc_separator type=&#8221;transparent&#8221; up=&#8221;20&#8243; down=&#8221;0&#8243;][vc_column_text] After 20 sunny years spent in \u201cLa R\u00e9union\u201d Island,...","og_url":"http:\/\/www.isabellehossein.com\/a-propos\/","og_site_name":"Isabelle Hossein","article_modified_time":"2024-10-29T08:46:57+00:00","twitter_card":"summary_large_image","twitter_misc":{"Est. reading time":"2 minutes"},"schema":{"@context":"https:\/\/schema.org","@graph":[{"@type":"WebPage","@id":"http:\/\/www.isabellehossein.com\/a-propos\/","url":"http:\/\/www.isabellehossein.com\/a-propos\/","name":"About - Isabelle Hossein","isPartOf":{"@id":"http:\/\/www.isabellehossein.com\/#website"},"datePublished":"2017-04-13T13:12:26+00:00","dateModified":"2024-10-29T08:46:57+00:00","breadcrumb":{"@id":"http:\/\/www.isabellehossein.com\/a-propos\/#breadcrumb"},"inLanguage":"en-US","potentialAction":[{"@type":"ReadAction","target":["http:\/\/www.isabellehossein.com\/a-propos\/"]}]},{"@type":"BreadcrumbList","@id":"http:\/\/www.isabellehossein.com\/a-propos\/#breadcrumb","itemListElement":[{"@type":"ListItem","position":1,"name":"Accueil","item":"http:\/\/www.isabellehossein.com\/en\/"},{"@type":"ListItem","position":2,"name":"About"}]},{"@type":"WebSite","@id":"http:\/\/www.isabellehossein.com\/#website","url":"http:\/\/www.isabellehossein.com\/","name":"Isabelle Hossein","description":"D\u00e9coratrice d'int\u00e9rieur","potentialAction":[{"@type":"SearchAction","target":{"@type":"EntryPoint","urlTemplate":"http:\/\/www.isabellehossein.com\/?s={search_term_string}"},"query-input":{"@type":"PropertyValueSpecification","valueRequired":true,"valueName":"search_term_string"}}],"inLanguage":"en-US"}]}},"_links":{"self":[{"href":"http:\/\/www.isabellehossein.com\/en\/wp-json\/wp\/v2\/pages\/15680","targetHints":{"allow":["GET"]}}],"collection":[{"href":"http:\/\/www.isabellehossein.com\/en\/wp-json\/wp\/v2\/pages"}],"about":[{"href":"http:\/\/www.isabellehossein.com\/en\/wp-json\/wp\/v2\/types\/page"}],"author":[{"embeddable":true,"href":"http:\/\/www.isabellehossein.com\/en\/wp-json\/wp\/v2\/users\/1"}],"replies":[{"embeddable":true,"href":"http:\/\/www.isabellehossein.com\/en\/wp-json\/wp\/v2\/comments?post=15680"}],"version-history":[{"count":9,"href":"http:\/\/www.isabellehossein.com\/en\/wp-json\/wp\/v2\/pages\/15680\/revisions"}],"predecessor-version":[{"id":16053,"href":"http:\/\/www.isabellehossein.com\/en\/wp-json\/wp\/v2\/pages\/15680\/revisions\/16053"}],"wp:attachment":[{"href":"http:\/\/www.isabellehossein.com\/en\/wp-json\/wp\/v2\/media?parent=15680"}],"curies":[{"name":"wp","href":"https:\/\/api.w.org\/{rel}","templated":true}]}}